{"id":1112,"date":"2020-09-24T12:36:15","date_gmt":"2020-09-24T10:36:15","guid":{"rendered":"https:\/\/tatjana-meier.com\/datenschutzinformation\/"},"modified":"2021-03-11T19:44:45","modified_gmt":"2021-03-11T18:44:45","slug":"informazioni-sulla-protezione-dei-dati","status":"publish","type":"page","link":"https:\/\/tatjana-meier.com\/it\/informazioni-sulla-protezione-dei-dati\/","title":{"rendered":"Informazioni sulla protezione dei dati"},"content":{"rendered":"<section class=\"av_textblock_section \"  itemscope=\"itemscope\" itemtype=\"https:\/\/schema.org\/CreativeWork\" ><div class='avia_textblock  '   itemprop=\"text\" ><p><strong>Informativa sulla privacy<\/strong><\/p>\n<p><strong>1. la protezione dei dati in sintesi<\/strong><\/p>\n<p><strong>Note generali<\/strong><\/p>\n<p>Le seguenti note forniscono una semplice panoramica di ci\u00f2 che accade ai vostri dati personali quando visitate il nostro sito web. I dati personali sono tutti dati con i quali \u00e8 possibile identificarvi personalmente. Per informazioni dettagliate sul tema della protezione dei dati, si prega di fare riferimento alla nostra dichiarazione sulla protezione dei dati elencata sotto questo testo.<\/p>\n<p>Raccolta dati sul nostro sito web<\/p>\n<p><strong>Chi \u00e8 responsabile della raccolta dei dati su questo sito web?<\/strong><\/p>\n<p>Il trattamento dei dati su questo sito web \u00e8 effettuato dal gestore del sito. I suoi dati di contatto si trovano nell&#8217;impronta di questo sito web.<\/p>\n<p><strong>Come raccogliamo i vostri dati?<\/strong><\/p>\n<p>Da un lato, i vostri dati vengono raccolti quando ce li fornite. Questi possono essere dati che si inseriscono, ad esempio, in un modulo di contatto.<\/p>\n<p>Altri dati vengono raccolti automaticamente dai nostri sistemi informatici quando si visita il sito web. Si tratta principalmente di dati tecnici (ad es. browser internet, sistema operativo o orario della chiamata alla pagina). Questi dati vengono raccolti automaticamente non appena si entra nel nostro sito web.<\/p>\n<p><strong>A cosa servono i vostri dati?<\/strong><\/p>\n<p>Una parte dei dati viene raccolta per garantire che il sito web sia fornito senza errori. Altri dati possono essere utilizzati per analizzare il comportamento dell&#8217;utente.<\/p>\n<p><strong>Quali diritti avete sui vostri dati?<\/strong><\/p>\n<p>Avete il diritto di ricevere gratuitamente informazioni sull&#8217;origine, il destinatario e lo scopo dei vostri dati personali memorizzati in qualsiasi momento. Avete inoltre il diritto di chiedere la correzione, il blocco o la cancellazione di questi dati. A questo scopo, cos\u00ec come per ulteriori domande relative alla protezione dei dati, potete contattarci in qualsiasi momento all&#8217;indirizzo indicato nell&#8217;impressum. Inoltre, avete il diritto di ricorrere all&#8217;autorit\u00e0 di vigilanza competente.<\/p>\n<p>Strumenti di analisi e strumenti di terze parti<\/p>\n<p>Quando visitate il nostro sito web, il vostro comportamento di navigazione pu\u00f2 essere valutato statisticamente. Ci\u00f2 avviene principalmente con i cookie e con i cosiddetti programmi di analisi. L&#8217;analisi del vostro comportamento di navigazione \u00e8 di solito anonima; il comportamento di navigazione non pu\u00f2 essere ricondotto a voi. \u00c8 possibile opporsi a questa analisi o impedirla non utilizzando determinati strumenti. Troverete informazioni dettagliate al riguardo nella seguente dichiarazione sulla protezione dei dati.<\/p>\n<p>Si pu\u00f2 contraddire questa analisi. Vi informeremo sulle possibilit\u00e0 di opposizione nella presente dichiarazione sulla protezione dei dati.<\/p>\n<p><strong>2. note generali e informazioni obbligatorie<\/strong><\/p>\n<p><strong>Protezione dei dati<\/strong><\/p>\n<p>I gestori di queste pagine prendono molto sul serio la protezione dei vostri dati personali. Trattiamo i vostri dati personali in modo confidenziale e in conformit\u00e0 alle disposizioni di legge sulla protezione dei dati e alla presente dichiarazione sulla protezione dei dati.<\/p>\n<p>Quando si utilizza questo sito web, vengono raccolti vari dati personali. I dati personali sono dati con i quali si pu\u00f2 essere personalmente identificati. Questa politica sulla privacy spiega quali dati raccogliamo e per cosa li utilizziamo. Spiega anche come lo facciamo e a quale scopo.<\/p>\n<p>Desideriamo sottolineare che la trasmissione di dati su Internet (ad es. la comunicazione via e-mail) pu\u00f2 presentare lacune di sicurezza. Una protezione completa dei dati contro l&#8217;accesso da parte di terzi non \u00e8 possibile.<\/p>\n<p>Nota sull&#8217;organismo responsabile<\/p>\n<p><strong>Il responsabile del trattamento dei dati su questo sito web \u00e8<\/strong><\/p>\n<p>Tajana Meier<br \/>\nNiemeyerstra\u00dfe 3<br \/>\n04179 Lipsia<\/p>\n<p>Telefono: 0177.5995102<br \/>\nE-mail: tatjana.k.meier@gmail.com<\/p>\n<p>Il responsabile \u00e8 la persona fisica o giuridica che, da sola o congiuntamente ad altri, decide in merito alle finalit\u00e0 e alle modalit\u00e0 del trattamento dei dati personali (es. nomi, indirizzi e-mail, ecc.).<\/p>\n<p><strong>Revoca del consenso al trattamento dei dati<\/strong><\/p>\n<p>Molte operazioni di trattamento dei dati sono possibili solo con il vostro esplicito consenso. \u00c8 possibile revocare il consenso gi\u00e0 dato in qualsiasi momento. A tal fine \u00e8 sufficiente una notifica informale via e-mail. La legittimit\u00e0 del trattamento dei dati effettuato fino al momento della revoca rimane inalterata.<\/p>\n<p><strong>Diritto di ricorso all&#8217;autorit\u00e0 di vigilanza competente<\/strong><\/p>\n<p>In caso di violazione della legge sulla protezione dei dati, l&#8217;interessato ha il diritto di ricorrere all&#8217;autorit\u00e0 di controllo competente. L&#8217;autorit\u00e0 di controllo competente in materia di legge sulla protezione dei dati \u00e8 il Commissario statale per la protezione dei dati dello Stato federale in cui ha sede la nostra azienda. L&#8217;elenco dei responsabili della protezione dei dati e i loro recapiti si trova al seguente link: https:\/\/www.bfdi.bund.de\/DE\/Infothek\/Anschriften_Links\/anschriften_links-node.html.<\/p>\n<p><strong>Diritto alla trasferibilit\u00e0 dei dati<\/strong><\/p>\n<p>Avete il diritto di farvi consegnare i dati, che noi elaboriamo automaticamente sulla base del vostro consenso o in esecuzione di un contratto, in un formato comune e leggibile a macchina. Sof<\/p>\n<\/div><\/section>\n","protected":false},"excerpt":{"rendered":"","protected":false},"author":1,"featured_media":0,"parent":0,"menu_order":0,"comment_status":"closed","ping_status":"closed","template":"","meta":{"footnotes":""},"class_list":["post-1112","page","type-page","status-publish","hentry"],"_links":{"self":[{"href":"https:\/\/tatjana-meier.com\/it\/wp-json\/wp\/v2\/pages\/1112","targetHints":{"allow":["GET"]}}],"collection":[{"href":"https:\/\/tatjana-meier.com\/it\/wp-json\/wp\/v2\/pages"}],"about":[{"href":"https:\/\/tatjana-meier.com\/it\/wp-json\/wp\/v2\/types\/page"}],"author":[{"embeddable":true,"href":"https:\/\/tatjana-meier.com\/it\/wp-json\/wp\/v2\/users\/1"}],"replies":[{"embeddable":true,"href":"https:\/\/tatjana-meier.com\/it\/wp-json\/wp\/v2\/comments?post=1112"}],"version-history":[{"count":4,"href":"https:\/\/tatjana-meier.com\/it\/wp-json\/wp\/v2\/pages\/1112\/revisions"}],"predecessor-version":[{"id":2447,"href":"https:\/\/tatjana-meier.com\/it\/wp-json\/wp\/v2\/pages\/1112\/revisions\/2447"}],"wp:attachment":[{"href":"https:\/\/tatjana-meier.com\/it\/wp-json\/wp\/v2\/media?parent=1112"}],"curies":[{"name":"wp","href":"https:\/\/api.w.org\/{rel}","templated":true}]}}