{"id":1083,"date":"2020-09-24T11:28:11","date_gmt":"2020-09-24T09:28:11","guid":{"rendered":"https:\/\/tatjana-meier.com\/kritiken\/"},"modified":"2021-05-17T13:23:24","modified_gmt":"2021-05-17T11:23:24","slug":"critica-darte","status":"publish","type":"page","link":"https:\/\/tatjana-meier.com\/it\/critica-darte\/","title":{"rendered":"CRITICA D`ARTE"},"content":{"rendered":"<div id='av_section_1'  class='avia-section main_color avia-section-small avia-no-border-styling  avia-bg-style-scroll  avia-builder-el-0  avia-builder-el-no-sibling   container_wrap sidebar_right' style=' '  ><div class='container' ><main  role=\"main\" itemprop=\"mainContentOfPage\"  class='template-page content  av-content-small alpha units'><div class='post-entry post-entry-type-page post-entry-1083'><div class='entry-content-wrapper clearfix'>\n<div  style='height:50px' class='hr hr-invisible   avia-builder-el-1  el_before_av_one_fifth  avia-builder-el-first '><span class='hr-inner ' ><span class='hr-inner-style'><\/span><\/span><\/div>\n<div class=\"flex_column av_one_fifth  flex_column_div av-zero-column-padding first  avia-builder-el-2  el_after_av_hr  el_before_av_three_fifth  \" style='border-radius:0px; '><\/div><div class=\"flex_column av_three_fifth  flex_column_div av-zero-column-padding   avia-builder-el-3  el_after_av_one_fifth  el_before_av_one_fifth  \" style='border-radius:0px; '><p><div  class='avia-image-container  av-styling-    avia-builder-el-4  el_before_av_testimonials  avia-builder-el-first  avia-align-center '  itemprop=\"image\" itemscope=\"itemscope\" itemtype=\"https:\/\/schema.org\/ImageObject\"  ><div class='avia-image-container-inner'><div class='avia-image-overlay-wrap'><img decoding=\"async\" class='wp-image-2627 avia-img-lazy-loading-not-2627 avia_image' src=\"https:\/\/tatjana-meier.com\/wp-content\/uploads\/2021\/05\/vor-der-staffelei-ganz-klein-1.jpg\" alt='' title='vor-der-staffelei-ganz-klein' height=\"2051\" width=\"1367\"  itemprop=\"thumbnailUrl\" srcset=\"https:\/\/tatjana-meier.com\/wp-content\/uploads\/2021\/05\/vor-der-staffelei-ganz-klein-1.jpg 1367w, https:\/\/tatjana-meier.com\/wp-content\/uploads\/2021\/05\/vor-der-staffelei-ganz-klein-1-200x300.jpg 200w, https:\/\/tatjana-meier.com\/wp-content\/uploads\/2021\/05\/vor-der-staffelei-ganz-klein-1-686x1030.jpg 686w, https:\/\/tatjana-meier.com\/wp-content\/uploads\/2021\/05\/vor-der-staffelei-ganz-klein-1-768x1152.jpg 768w, https:\/\/tatjana-meier.com\/wp-content\/uploads\/2021\/05\/vor-der-staffelei-ganz-klein-1-1024x1536.jpg 1024w, https:\/\/tatjana-meier.com\/wp-content\/uploads\/2021\/05\/vor-der-staffelei-ganz-klein-1-1365x2048.jpg 1365w, https:\/\/tatjana-meier.com\/wp-content\/uploads\/2021\/05\/vor-der-staffelei-ganz-klein-1-1000x1500.jpg 1000w, https:\/\/tatjana-meier.com\/wp-content\/uploads\/2021\/05\/vor-der-staffelei-ganz-klein-1-470x705.jpg 470w\" sizes=\"(max-width: 1367px) 100vw, 1367px\" \/><\/div><\/div><\/div><br \/>\n<div   data-autoplay='1'  data-interval='5'  data-animation='fade'  data-hoverpause='1'  class='avia-testimonial-wrapper avia-grid-testimonials avia-grid-1-testimonials avia_animate_when_almost_visible  av-minimal-grid-style av-boxed-grid-style '>\n<section class ='avia-testimonial-row'><div class='avia-testimonial av_one_full flex_column no_margin avia-testimonial-row-1 avia-first-testimonialavia-last-testimonial' ><div class='avia-testimonial_inner'  itemscope=\"itemscope\" itemtype=\"https:\/\/schema.org\/CreativeWork\" ><div class='avia-testimonial-content '  ><div class='avia-testimonial-markup-entry-content'  itemprop=\"text\" ><p>&#8220;Tatjana Meier \u00e8 una pittrice che ha il grande dono di trasmettere\u00a0nelle sue opere la bellezza del mondo circostante che le avvolge. Al\u00a0tempo stesso trasferisce, mediante i colori, tutte le atmosfere che\u00a0custodisce dentro la su anima creatrice.<\/p>\n<p>Ogni opera \u00e8 sempre il frutto\u00a0di forti emozioni che lei vive con assoluta naturalezza; non ha mai il\u00a0timore di percorrere strade nuove e tecniche nuove. Le immagini che ci\u00a0dona attraverso le sue creazioni sono il moto del suo animo forte,\u00a0passionale, dolce e deciso al tempo stesso.<\/p>\n<p>Nei sui quadri riporta inconsapevolmente le esperienze della sua vita,\u00a0a partire dalla sua terra natale, la Grande Russia, della quale \u00e8\u00a0molto orgogliosa. Ma grazie ai tanti viaggi che Tatjana ha fatto, in\u00a0diverse citt\u00e0 europee in particolare in Italia, ci ha donato anche le\u00a0magie, le atmosfere e i colori di Roma, Napoli, Venezia.<\/p>\n<p>La forza\u00a0delle sue opere nasce dalla forza dei sui sentimenti, dalla sua\u00a0sensibilit\u00e0, dalla sua attenzione e dalla sua capacit\u00e0 di saper\u00a0catturare l&#8217;essenza dei luoghi e dei volti che rappresenta\u00a0incastonandoli, come pietre preziose, sulle sue tele.&#8221;<\/p>\n<\/div><\/div><div class='avia-testimonial-meta'><div class='avia-testimonial-arrow-wrap'><div class='avia-arrow'><\/div><\/div><div class='avia-testimonial-meta-mini'  itemprop=\"author\" itemscope=\"itemscope\" itemtype=\"https:\/\/schema.org\/Person\" ><strong  class='avia-testimonial-name'    itemprop=\"name\" >Dott. Giuseppe Filippi<\/strong><span  class='avia-testimonial-subtitle '    itemprop=\"jobTitle\" > Maggio 2021, Roma<\/span><\/div><\/div><\/div><\/div><\/section>\n<\/div><br \/>\n<div  class='avia-image-container  av-styling-    avia-builder-el-6  el_after_av_testimonials  el_before_av_testimonials  avia-align-center '  itemprop=\"image\" itemscope=\"itemscope\" itemtype=\"https:\/\/schema.org\/ImageObject\"  ><div class='avia-image-container-inner'><div class='avia-image-overlay-wrap'><img decoding=\"async\" class='wp-image-1471 avia-img-lazy-loading-not-1471 avia_image' src=\"https:\/\/tatjana-meier.com\/wp-content\/uploads\/2020\/10\/Bildschirmfoto-2020-10-19-um-10.44.21.png\" alt='' title='Bildschirmfoto 2020-10-19 um 10.44.21' height=\"1030\" width=\"1367\"  itemprop=\"thumbnailUrl\" srcset=\"https:\/\/tatjana-meier.com\/wp-content\/uploads\/2020\/10\/Bildschirmfoto-2020-10-19-um-10.44.21.png 1367w, https:\/\/tatjana-meier.com\/wp-content\/uploads\/2020\/10\/Bildschirmfoto-2020-10-19-um-10.44.21-300x226.png 300w, https:\/\/tatjana-meier.com\/wp-content\/uploads\/2020\/10\/Bildschirmfoto-2020-10-19-um-10.44.21-1030x776.png 1030w, https:\/\/tatjana-meier.com\/wp-content\/uploads\/2020\/10\/Bildschirmfoto-2020-10-19-um-10.44.21-768x579.png 768w, https:\/\/tatjana-meier.com\/wp-content\/uploads\/2020\/10\/Bildschirmfoto-2020-10-19-um-10.44.21-705x531.png 705w\" sizes=\"(max-width: 1367px) 100vw, 1367px\" \/><\/div><\/div><\/div><br \/>\n<div   data-autoplay='1'  data-interval='5'  data-animation='fade'  data-hoverpause='1'  class='avia-testimonial-wrapper avia-grid-testimonials avia-grid-1-testimonials avia_animate_when_almost_visible  av-minimal-grid-style av-boxed-grid-style '>\n<section class ='avia-testimonial-row'><div class='avia-testimonial av_one_full flex_column no_margin avia-testimonial-row-1 avia-first-testimonialavia-last-testimonial' ><div class='avia-testimonial_inner'  itemscope=\"itemscope\" itemtype=\"https:\/\/schema.org\/CreativeWork\" ><div class='avia-testimonial-content '  ><div class='avia-testimonial-markup-entry-content'  itemprop=\"text\" ><p id=\"tw-target-text\" class=\"tw-data-text tw-text-large XcVN5d tw-ta\" dir=\"ltr\" data-placeholder=\"\u00dcbersetzung\"><span lang=\"it\">&#8220;&#8230;Tatjana Meier visita spesso i suoi amici in Italia. Dopo queste visite realizza nuove opere che sono il frutto dei suoi pensieri e delle sue emozioni, provate durante sue esperienze. <\/span><\/p>\n<p>Meier da molto risalto al colore degli oggetti con cui gioca e da forma alle sue opere, mentre da meno importanza alla semplice rappresentazione figurativa del contesto e dei personaggi.<\/p>\n<p>Le sue composizioni pittoriche sono sempre chiare e ragionate, le figure e gli oggetti sono chiaramente riconoscibili, localizzati e immersi nella realt\u00e0, affascinano con la loro immediata oggettivit\u00e0, sono presi dalla vita reale e rappresentano momenti di vita molto tipici, ma a un esame pi\u00f9 attento si rivelano misteriosi, sperimentali e commoventi.<\/p>\n<p>La chiara oggettivit\u00e0 di forme realistiche e i contorni nettamente disegnati si uniscono con la sensualit\u00e0 in movimento dei colori surreali, che inizialmente appaiono freddi e chiari, eppure celano un calore e una luce che corrispondono proprio al carattere dello stile italiano.<\/p>\n<p>Non importa se le immagini raffigurano paesaggi o architetture o raccontano storie. Contorno e colore sono sempre riconoscibili come un tipico stile di Meier.<\/p>\n<p>Si tratta di una grafia inconfondibile e documentata in varie tecniche; la grafia di un\u2019artista che ha ritrovato se stessa, che \u00e8 inconfondibile e nitida, anche se aleggia ancora tra Germania e Italia..&#8221;<\/p>\n<\/div><\/div><div class='avia-testimonial-meta'><div class='avia-testimonial-arrow-wrap'><div class='avia-arrow'><\/div><\/div><div class='avia-testimonial-meta-mini'  itemprop=\"author\" itemscope=\"itemscope\" itemtype=\"https:\/\/schema.org\/Person\" ><strong  class='avia-testimonial-name'    itemprop=\"name\" >Rainer Ple\u00df (pittore, scultore, scrittore)<\/strong><span  class='avia-testimonial-subtitle '    itemprop=\"jobTitle\" > Novembre 2014, Pegau<\/span><\/div><\/div><\/div><\/div><\/section>\n<\/div><br \/>\n<div  class='avia-image-container  av-styling-    avia-builder-el-8  el_after_av_testimonials  el_before_av_testimonials  avia-align-center '  itemprop=\"image\" itemscope=\"itemscope\" itemtype=\"https:\/\/schema.org\/ImageObject\"  ><div class='avia-image-container-inner'><div class='avia-image-overlay-wrap'><img decoding=\"async\" class='wp-image-1513 avia-img-lazy-loading-not-1513 avia_image' src=\"https:\/\/tatjana-meier.com\/wp-content\/uploads\/2020\/10\/1052234_802820046435761_7441970256987144124_o.jpg\" alt='' title='1052234_802820046435761_7441970256987144124_o' height=\"1230\" width=\"1555\"  itemprop=\"thumbnailUrl\" srcset=\"https:\/\/tatjana-meier.com\/wp-content\/uploads\/2020\/10\/1052234_802820046435761_7441970256987144124_o.jpg 1555w, https:\/\/tatjana-meier.com\/wp-content\/uploads\/2020\/10\/1052234_802820046435761_7441970256987144124_o-300x237.jpg 300w, https:\/\/tatjana-meier.com\/wp-content\/uploads\/2020\/10\/1052234_802820046435761_7441970256987144124_o-1030x815.jpg 1030w, https:\/\/tatjana-meier.com\/wp-content\/uploads\/2020\/10\/1052234_802820046435761_7441970256987144124_o-768x607.jpg 768w, https:\/\/tatjana-meier.com\/wp-content\/uploads\/2020\/10\/1052234_802820046435761_7441970256987144124_o-1536x1215.jpg 1536w, https:\/\/tatjana-meier.com\/wp-content\/uploads\/2020\/10\/1052234_802820046435761_7441970256987144124_o-1500x1186.jpg 1500w, https:\/\/tatjana-meier.com\/wp-content\/uploads\/2020\/10\/1052234_802820046435761_7441970256987144124_o-705x558.jpg 705w\" sizes=\"(max-width: 1555px) 100vw, 1555px\" \/><\/div><\/div><\/div><br \/>\n<div   data-autoplay='1'  data-interval='5'  data-animation='fade'  data-hoverpause='1'  class='avia-testimonial-wrapper avia-grid-testimonials avia-grid-1-testimonials avia_animate_when_almost_visible  av-minimal-grid-style av-boxed-grid-style '>\n<section class ='avia-testimonial-row'><div class='avia-testimonial av_one_full flex_column no_margin avia-testimonial-row-1 avia-first-testimonialavia-last-testimonial' ><div class='avia-testimonial_inner'  itemscope=\"itemscope\" itemtype=\"https:\/\/schema.org\/CreativeWork\" ><div class='avia-testimonial-content '  ><div class='avia-testimonial-markup-entry-content'  itemprop=\"text\" ><p>&#8220;..Le opere di Tatjana Meier vivono in una dimensione tra sogno e realt\u00e0, tra fisicit\u00e0 e spiritualit\u00e0. Equilibrata e abile nel cogliere le sfumature del colore, visualizza luoghi e oggetti a volte dimenticati, che permettono di immergersi in un profondo lirismo e poesia.<\/p>\n<p>Fiori e figure femminili sottolineano il carattere seducente e accattivante delle opere, raccontato attraverso una raffinata espressivit\u00e0 cromatica. L&#8217;essenza degli oggetti dell&#8217;artista \u00e8 a volte misteriosa e inquieta allo stesso tempo, creando un notevole significato metafisico.<\/p>\n<p>Coerente ma innovativa, la ricerca sperimentale dell&#8217;artista traccia un raffinato percorso figurativo dalle notevoli propriet\u00e0 liriche e simboliche.&#8221;<\/p>\n<\/div><\/div><div class='avia-testimonial-meta'><div class='avia-testimonial-arrow-wrap'><div class='avia-arrow'><\/div><\/div><div class='avia-testimonial-meta-mini'  itemprop=\"author\" itemscope=\"itemscope\" itemtype=\"https:\/\/schema.org\/Person\" ><strong  class='avia-testimonial-name'    itemprop=\"name\" >Critico d\u2019arte Prof. Gianluigi Guarneri<\/strong><span  class='avia-testimonial-subtitle '    itemprop=\"jobTitle\" > Gennaio 2012, Cremona (Italia)<\/span><\/div><\/div><\/div><\/div><\/section>\n<\/div><br \/>\n<div  class='avia-image-container  av-styling-    avia-builder-el-10  el_after_av_testimonials  el_before_av_testimonials  avia-align-center '  itemprop=\"image\" itemscope=\"itemscope\" itemtype=\"https:\/\/schema.org\/ImageObject\"  ><div class='avia-image-container-inner'><div class='avia-image-overlay-wrap'><img decoding=\"async\" class='wp-image-1509 avia-img-lazy-loading-not-1509 avia_image' src=\"https:\/\/tatjana-meier.com\/wp-content\/uploads\/2020\/10\/10629413_802819463102486_573356985277118438_o.jpg\" alt='' title='10629413_802819463102486_573356985277118438_o' height=\"1592\" width=\"2048\"  itemprop=\"thumbnailUrl\" srcset=\"https:\/\/tatjana-meier.com\/wp-content\/uploads\/2020\/10\/10629413_802819463102486_573356985277118438_o.jpg 2048w, https:\/\/tatjana-meier.com\/wp-content\/uploads\/2020\/10\/10629413_802819463102486_573356985277118438_o-300x233.jpg 300w, https:\/\/tatjana-meier.com\/wp-content\/uploads\/2020\/10\/10629413_802819463102486_573356985277118438_o-1030x801.jpg 1030w, https:\/\/tatjana-meier.com\/wp-content\/uploads\/2020\/10\/10629413_802819463102486_573356985277118438_o-768x597.jpg 768w, https:\/\/tatjana-meier.com\/wp-content\/uploads\/2020\/10\/10629413_802819463102486_573356985277118438_o-1536x1194.jpg 1536w, https:\/\/tatjana-meier.com\/wp-content\/uploads\/2020\/10\/10629413_802819463102486_573356985277118438_o-1500x1166.jpg 1500w, https:\/\/tatjana-meier.com\/wp-content\/uploads\/2020\/10\/10629413_802819463102486_573356985277118438_o-705x548.jpg 705w\" sizes=\"(max-width: 2048px) 100vw, 2048px\" \/><\/div><\/div><\/div><br \/>\n<div   data-autoplay='1'  data-interval='5'  data-animation='fade'  data-hoverpause='1'  class='avia-testimonial-wrapper avia-grid-testimonials avia-grid-1-testimonials avia_animate_when_almost_visible  av-minimal-grid-style av-boxed-grid-style '>\n<section class ='avia-testimonial-row'><div class='avia-testimonial av_one_full flex_column no_margin avia-testimonial-row-1 avia-first-testimonialavia-last-testimonial' ><div class='avia-testimonial_inner'  itemscope=\"itemscope\" itemtype=\"https:\/\/schema.org\/CreativeWork\" ><div class='avia-testimonial-content '  ><div class='avia-testimonial-markup-entry-content'  itemprop=\"text\" ><p>Estratto da &#8220;Laudazione per una mostra&#8221;<\/p>\n<p>&#8220;&#8230;Tatjana Meier merita un onore speciale sotto forma di questo discorso, poich\u00e9 appare come un&#8217;abile &#8220;poetessa&#8221;. Come un \u201cpoeta\u201d di forme, stati d&#8217;animo, simboli e colori. Le sue immagini sono storie che sollevano domande piuttosto che rispondere a domande.<\/p>\n<p>Le immagini sono similitudini che innescano una catena di supposizioni e connessioni. Da un lato, lo spettatore ha il desiderio di risolvere l&#8217;enigma di queste immagini, dall&#8217;altro ha il desiderio di ammirarle semplicemente senza spiegazioni.<\/p>\n<p>Lo stile pittorico di Tatjana pu\u00f2 essere descritto come una sintesi degli stili Impressionismo, Espressionismo e Fauvismo. Nonostante il tentativo di mettere queste immagini in un cassetto storico-artistico, rimane sempre una certa unicit\u00e0. Questa unicit\u00e0 riflette il percorso di un artista plasmato da molti viaggi.<\/p>\n<p>Un momento di attesa e di pausa viene catturato in molte immagini. Come se ci si trovasse davanti a una soglia senza oltrepassarla. Come se si stesse acquisendo una visione di una dimensione nascosta nell&#8217;immagine senza poterla penetrare. Le composizioni sono aperte, ma non al pubblico, ma a un universo che si sospetta nel profondo del quadro, lo spettatore \u00e8 incluso in uno spettacolo immaginario.<\/p>\n<p>Questo sembra mostrare il candore e la sorpresa della vita reale. La vita con i suoi misteri, con la sua incertezza e con la sua voglia di svilupparsi. Ogni immagine di Tatjana \u00e8 un enigma irrisolto, una promessa per un&#8217;altra immagine. Questo puzzle con un inizio e una fine invisibili difficilmente pu\u00f2 essere esaurito con alcune mostre.&#8221;<\/p>\n<\/div><\/div><div class='avia-testimonial-meta'><div class='avia-testimonial-arrow-wrap'><div class='avia-arrow'><\/div><\/div><div class='avia-testimonial-meta-mini'  itemprop=\"author\" itemscope=\"itemscope\" itemtype=\"https:\/\/schema.org\/Person\" ><strong  class='avia-testimonial-name'    itemprop=\"name\" > Elitsa Filcheva (Associazione Artisti SagArt e.V.)<\/strong><span  class='avia-testimonial-subtitle '    itemprop=\"jobTitle\" > Giugno 2011, Lipsia (Germania)<\/span><\/div><\/div><\/div><\/div><\/section>\n<\/div><br \/>\n<div  class='avia-image-container  av-styling-    avia-builder-el-12  el_after_av_testimonials  el_before_av_testimonials  avia-align-center '  itemprop=\"image\" itemscope=\"itemscope\" itemtype=\"https:\/\/schema.org\/ImageObject\"  ><div class='avia-image-container-inner'><div class='avia-image-overlay-wrap'><img decoding=\"async\" class='wp-image-1518 avia-img-lazy-loading-not-1518 avia_image' src=\"https:\/\/tatjana-meier.com\/wp-content\/uploads\/2020\/10\/100471474_3167419183309157_7384278306406793216_o.jpg\" alt='Colombina in gondola, 130 x 90 cm, 2020, \u00d6l auf Leinwand, Tatjana Meier' title='100471474_3167419183309157_7384278306406793216_o' height=\"1972\" width=\"1360\"  itemprop=\"thumbnailUrl\" srcset=\"https:\/\/tatjana-meier.com\/wp-content\/uploads\/2020\/10\/100471474_3167419183309157_7384278306406793216_o.jpg 1360w, https:\/\/tatjana-meier.com\/wp-content\/uploads\/2020\/10\/100471474_3167419183309157_7384278306406793216_o-207x300.jpg 207w, https:\/\/tatjana-meier.com\/wp-content\/uploads\/2020\/10\/100471474_3167419183309157_7384278306406793216_o-710x1030.jpg 710w, https:\/\/tatjana-meier.com\/wp-content\/uploads\/2020\/10\/100471474_3167419183309157_7384278306406793216_o-768x1114.jpg 768w, https:\/\/tatjana-meier.com\/wp-content\/uploads\/2020\/10\/100471474_3167419183309157_7384278306406793216_o-1059x1536.jpg 1059w, https:\/\/tatjana-meier.com\/wp-content\/uploads\/2020\/10\/100471474_3167419183309157_7384278306406793216_o-1034x1500.jpg 1034w, https:\/\/tatjana-meier.com\/wp-content\/uploads\/2020\/10\/100471474_3167419183309157_7384278306406793216_o-486x705.jpg 486w\" sizes=\"(max-width: 1360px) 100vw, 1360px\" \/><\/div><\/div><\/div><br \/>\n<div   data-autoplay='1'  data-interval='5'  data-animation='fade'  data-hoverpause='1'  class='avia-testimonial-wrapper avia-grid-testimonials avia-grid-1-testimonials avia_animate_when_almost_visible  av-minimal-grid-style av-boxed-grid-style '>\n<section class ='avia-testimonial-row'><div class='avia-testimonial av_one_full flex_column no_margin avia-testimonial-row-1 avia-first-testimonialavia-last-testimonial' ><div class='avia-testimonial_inner'  itemscope=\"itemscope\" itemtype=\"https:\/\/schema.org\/CreativeWork\" ><div class='avia-testimonial-content '  ><div class='avia-testimonial-markup-entry-content'  itemprop=\"text\" ><p>&#8220;&#8230;Tatjana \u00e8 un prodotto dell&#8217;Europa perch\u00e9 \u00e8 russa, ma vive, pensa e agisce in modo interculturale. Parla diverse lingue straniere. In particolare, conosce la cultura tedesca. Tatjana prepara un&#8217;arte complessa e ha varie forme di implementazione. Il loro marchio speciale \u00e8 &#8220;grigio&#8221;.<\/p>\n<p>&#8220;Grigio&#8221; \u00e8 una parola che significa tutto e niente. Il colore grigio \u00e8 uno dei colori pi\u00f9 difficili in assoluto perch\u00e9 la base \u00e8 sempre il bianco e nero. Basta una goccia di un colore diverso, o pi\u00f9, e il grigio bianco e nero si trasforma in un colore che colpisce.<\/p>\n<p>La frase &#8220;dipingi con colori tenui&#8221; pu\u00f2 sembrare incolore. In effetti, \u00e8 di straordinaria qualit\u00e0 perch\u00e9 significa il successo dell&#8217;elemento cromatico in relazione alla luce, e questo non \u00e8 facile.<\/p>\n<p>Le sue immagini diventano spesso oggetti fantastici e mitici in piccolo formato, certamente su base letteraria .. Tatjana non si apre subito, tiene sempre per s\u00e9 una parte del suo mondo onirico &#8230;&#8221;<\/p>\n<\/div><\/div><div class='avia-testimonial-meta'><div class='avia-testimonial-arrow-wrap'><div class='avia-arrow'><\/div><\/div><div class='avia-testimonial-meta-mini'  itemprop=\"author\" itemscope=\"itemscope\" itemtype=\"https:\/\/schema.org\/Person\" ><strong  class='avia-testimonial-name'    itemprop=\"name\" >Critico d \u2019arte Alfredo M.Barbagallo<\/strong><span  class='avia-testimonial-subtitle '    itemprop=\"jobTitle\" > Luglio 2009, Roma (Italia)<\/span><\/div><\/div><\/div><\/div><\/section>\n<\/div><\/p><\/div><div class=\"flex_column av_one_fifth  flex_column_div av-zero-column-padding   avia-builder-el-14  el_after_av_three_fifth  avia-builder-el-last  \" style='border-radius:0px; '><\/div><\/div><\/div><\/main><!-- close content main element --><\/div><\/div><div id='after_section_1'  class='main_color av_default_container_wrap container_wrap sidebar_right' style=' '  ><div class='container' ><div class='template-page content  av-content-small alpha units'><div class='post-entry post-entry-type-page post-entry-1083'><div class='entry-content-wrapper clearfix'>\n","protected":false},"excerpt":{"rendered":"","protected":false},"author":1,"featured_media":0,"parent":0,"menu_order":0,"comment_status":"closed","ping_status":"closed","template":"","meta":{"footnotes":""},"class_list":["post-1083","page","type-page","status-publish","hentry"],"_links":{"self":[{"href":"https:\/\/tatjana-meier.com\/it\/wp-json\/wp\/v2\/pages\/1083","targetHints":{"allow":["GET"]}}],"collection":[{"href":"https:\/\/tatjana-meier.com\/it\/wp-json\/wp\/v2\/pages"}],"about":[{"href":"https:\/\/tatjana-meier.com\/it\/wp-json\/wp\/v2\/types\/page"}],"author":[{"embeddable":true,"href":"https:\/\/tatjana-meier.com\/it\/wp-json\/wp\/v2\/users\/1"}],"replies":[{"embeddable":true,"href":"https:\/\/tatjana-meier.com\/it\/wp-json\/wp\/v2\/comments?post=1083"}],"version-history":[{"count":10,"href":"https:\/\/tatjana-meier.com\/it\/wp-json\/wp\/v2\/pages\/1083\/revisions"}],"predecessor-version":[{"id":2630,"href":"https:\/\/tatjana-meier.com\/it\/wp-json\/wp\/v2\/pages\/1083\/revisions\/2630"}],"wp:attachment":[{"href":"https:\/\/tatjana-meier.com\/it\/wp-json\/wp\/v2\/media?parent=1083"}],"curies":[{"name":"wp","href":"https:\/\/api.w.org\/{rel}","templated":true}]}}